{"id":127,"date":"2018-11-13T22:10:47","date_gmt":"2018-11-13T21:10:47","guid":{"rendered":"http:\/\/cadevniger.org\/?page_id=127"},"modified":"2025-10-14T11:22:50","modified_gmt":"2025-10-14T10:22:50","slug":"programmes","status":"publish","type":"page","link":"https:\/\/cadevniger.org\/?page_id=127","title":{"rendered":"Programmes"},"content":{"rendered":"<ul>\n<li><strong>Programme d\u2019Appui \u00e0 la S\u00e9curit\u00e9 Alimentaire et Nutritionnelle (PASAN)<\/strong><\/li>\n<li><strong>Programme d\u2019Appui \u00e0 la R\u00e9silience des Communaut\u00e9s d\u2019Ayorou et Niamey (<\/strong><strong>PARCAN\/Gakassineye)<\/strong><\/li>\n<\/ul>\n","protected":false},"excerpt":{"rendered":"<p>Programme d\u2019Appui \u00e0 la S\u00e9curit\u00e9 Alimentaire et Nutritionnelle (PASAN) Programme d\u2019Appui \u00e0 la R\u00e9silience des Communaut\u00e9s d\u2019Ayorou et Niamey (PARCAN\/Gakassineye)<\/p>\n","protected":false},"author":1,"featured_media":0,"parent":51,"menu_order":0,"comment_status":"closed","ping_status":"closed","template":"","meta":{"footnotes":""},"class_list":["post-127","page","type-page","status-publish","hentry"],"jetpack_sharing_enabled":true,"jetpack_likes_enabled":true,"_links":{"self":[{"href":"https:\/\/cadevniger.org\/index.php?rest_route=\/wp\/v2\/pages\/127"}],"collection":[{"href":"https:\/\/cadevniger.org\/index.php?rest_route=\/wp\/v2\/pages"}],"about":[{"href":"https:\/\/cadevniger.org\/index.php?rest_route=\/wp\/v2\/types\/page"}],"author":[{"embeddable":true,"href":"https:\/\/cadevniger.org\/index.php?rest_route=\/wp\/v2\/users\/1"}],"replies":[{"embeddable":true,"href":"https:\/\/cadevniger.org\/index.php?rest_route=%2Fwp%2Fv2%2Fcomments&post=127"}],"version-history":[{"count":6,"href":"https:\/\/cadevniger.org\/index.php?rest_route=\/wp\/v2\/pages\/127\/revisions"}],"predecessor-version":[{"id":2691,"href":"https:\/\/cadevniger.org\/index.php?rest_route=\/wp\/v2\/pages\/127\/revisions\/2691"}],"up":[{"embeddable":true,"href":"https:\/\/cadevniger.org\/index.php?rest_route=\/wp\/v2\/pages\/51"}],"wp:attachment":[{"href":"https:\/\/cadevniger.org\/index.php?rest_route=%2Fwp%2Fv2%2Fmedia&parent=127"}],"curies":[{"name":"wp","href":"https:\/\/api.w.org\/{rel}","templated":true}]}}